{"id":104,"date":"2019-12-03T14:32:48","date_gmt":"2019-12-03T14:32:48","guid":{"rendered":"https:\/\/tprince.net\/santin\/?page_id=104"},"modified":"2026-04-22T14:38:52","modified_gmt":"2026-04-22T14:38:52","slug":"santin-guindastes","status":"publish","type":"page","link":"https:\/\/gruposantin.com.br\/espanol\/santin-guindastes\/","title":{"rendered":"Santin Gr\u00faas"},"content":{"rendered":"<p>[et_pb_section fb_built=\u00bb1&#8243; _builder_version=\u00bb4.16&#8243; background_image=\u00bbhttp:\/\/gruposantin.com.br\/espanol\/wp-content\/uploads\/2019\/12\/bgSEMCO1-1024&#215;576.jpg\u00bb global_colors_info=\u00bb{}\u00bb][et_pb_row _builder_version=\u00bb4.16&#8243; background_size=\u00bbinitial\u00bb background_position=\u00bbtop_left\u00bb background_repeat=\u00bbrepeat\u00bb global_colors_info=\u00bb{}\u00bb][et_pb_column type=\u00bb4_4&#8243; _builder_version=\u00bb4.16&#8243; custom_padding=\u00bb|||\u00bb global_colors_info=\u00bb{}\u00bb custom_padding__hover=\u00bb|||\u00bb][et_pb_text _builder_version=\u00bb4.16&#8243; background_layout=\u00bbdark\u00bb global_colors_info=\u00bb{}\u00bb]<\/p>\n<h1>Santin Gr\u00faas<\/h1>\n<p>[\/et_pb_text][\/et_pb_column][\/et_pb_row][\/et_pb_section][et_pb_section fb_built=\u00bb1&#8243; _builder_version=\u00bb4.16&#8243; global_colors_info=\u00bb{}\u00bb][et_pb_row column_structure=\u00bb2_3,1_3&#8243; _builder_version=\u00bb4.16&#8243; background_size=\u00bbinitial\u00bb background_position=\u00bbtop_left\u00bb background_repeat=\u00bbrepeat\u00bb global_colors_info=\u00bb{}\u00bb][et_pb_column type=\u00bb2_3&#8243; _builder_version=\u00bb4.16&#8243; custom_padding=\u00bb|||\u00bb global_colors_info=\u00bb{}\u00bb custom_padding__hover=\u00bb|||\u00bb][et_pb_text _builder_version=\u00bb4.16&#8243; global_colors_info=\u00bb{}\u00bb]<img loading=\"lazy\" decoding=\"async\" class=\"alignnone size-full wp-image-228\" src=\"http:\/\/gruposantin.com.br\/espanol\/wp-content\/uploads\/2019\/12\/logoSanGui1-1.png\" alt=\"\" width=\"700\" height=\"70\" srcset=\"https:\/\/gruposantin.com.br\/espanol\/wp-content\/uploads\/2019\/12\/logoSanGui1-1.png 700w, https:\/\/gruposantin.com.br\/espanol\/wp-content\/uploads\/2019\/12\/logoSanGui1-1-300x30.png 300w\" sizes=\"(max-width: 700px) 100vw, 700px\" \/><\/p>\n<p><strong>SANTIN GUINDASTES<\/strong> es una empresa moderna y audaz que opera en el mercado nacional de elevaci\u00f3n y manipulaci\u00f3n de carga. Con equipos de hasta 800 toneladas, la flota es nueva y cumple con los proyectos y clientes m\u00e1s exigentes.<\/p>\n<p>Con un equipo de profesionales altamente calificados y exigentes de las principales \u00e1reas de actividad, la compa\u00f1\u00eda tiene como objetivo recopilar y analizar la informaci\u00f3n y los datos recopilados de los proyectos m\u00e1s grandes de Brasil, con el objetivo de levantar y manejar de manera segura y pr\u00e1ctica.<\/p>\n<p>Los principales segmentos atendidos por las soluciones SANTIN GUINDASTES son: miner\u00eda, petroqu\u00edmica, energ\u00eda (e\u00f3lica, hidroel\u00e9ctrica, termoel\u00e9ctrica), acero, refiner\u00eda, metalurgia, cemento, pulpa y papel, operaciones portuarias (costa adentro \/ costa afuera), construcci\u00f3n y montaje industrial.<\/p>\n<p>Por quinta vez consecutiva, SANTIN GUINDASTES se encuentra entre las 250 empresas nacionales de m\u00e1s r\u00e1pido crecimiento, seg\u00fan una publicaci\u00f3n de Exame Magazine.<\/p>\n<p>La satisfacci\u00f3n de sus clientes hace que SANTIN GUINDASTES se destaque, convirti\u00e9ndose en una referencia en seguridad, calidad y buen servicio.<br \/>\n[\/et_pb_text][et_pb_toggle title=\u00bbPolitica de Calidad\u00bb _builder_version=\u00bb4.16&#8243; global_colors_info=\u00bb{}\u00bb]<img loading=\"lazy\" decoding=\"async\" class=\"alignnone wp-image-108\" src=\"http:\/\/gruposantin.com.br\/espanol\/wp-content\/uploads\/2019\/12\/Captura-de-tela-de-2018-06-12-09-14-54.png\" alt=\"\" width=\"580\" height=\"819\" srcset=\"https:\/\/gruposantin.com.br\/espanol\/wp-content\/uploads\/2019\/12\/Captura-de-tela-de-2018-06-12-09-14-54.png 608w, https:\/\/gruposantin.com.br\/espanol\/wp-content\/uploads\/2019\/12\/Captura-de-tela-de-2018-06-12-09-14-54-212x300.png 212w\" sizes=\"(max-width: 580px) 100vw, 580px\" \/><br \/>\n[\/et_pb_toggle][et_pb_toggle title=\u00bb Certificaci\u00f3n ISO 9001 \/ Otros\u00bb _builder_version=\u00bb4.16&#8243; hover_enabled=\u00bb0&#8243; global_colors_info=\u00bb{}\u00bb sticky_enabled=\u00bb0&#8243;]<img loading=\"lazy\" decoding=\"async\" class=\"alignnone wp-image-109\" src=\"http:\/\/gruposantin.com.br\/espanol\/wp-content\/uploads\/2019\/12\/Captura-de-tela-de-2018-08-06-14-41-50.png\" alt=\"\" width=\"601\" height=\"855\" srcset=\"https:\/\/gruposantin.com.br\/espanol\/wp-content\/uploads\/2019\/12\/Captura-de-tela-de-2018-08-06-14-41-50.png 656w, https:\/\/gruposantin.com.br\/espanol\/wp-content\/uploads\/2019\/12\/Captura-de-tela-de-2018-08-06-14-41-50-211x300.png 211w\" sizes=\"(max-width: 601px) 100vw, 601px\" \/><br \/>\n[\/et_pb_toggle][et_pb_toggle title=\u00bb Certificaci\u00f3n ISO 45001&#8243; _builder_version=\u00bb4.27.6&#8243; hover_enabled=\u00bb0&#8243; global_colors_info=\u00bb{}\u00bb sticky_enabled=\u00bb0&#8243;]<img loading=\"lazy\" decoding=\"async\" class=\"aligncenter wp-image-3711 size-medium\" src=\"https:\/\/gruposantin.com.br\/wp-content\/uploads\/2026\/04\/CERTIFICADO-ISO-45001-1-2.jpg\" alt=\"\" width=\"624\" height=\"14999\" \/>[\/et_pb_toggle][\/et_pb_column][et_pb_column type=\u00bb1_3&#8243; _builder_version=\u00bb4.16&#8243; custom_padding=\u00bb|||\u00bb global_colors_info=\u00bb{}\u00bb custom_padding__hover=\u00bb|||\u00bb][et_pb_image src=\u00bbhttp:\/\/gruposantin.com.br\/espanol\/wp-content\/uploads\/2019\/12\/ISO_90011-400&#215;177-1.gif\u00bb align=\u00bbcenter\u00bb align_tablet=\u00bbcenter\u00bb align_phone=\u00bbcenter\u00bb align_last_edited=\u00bbon|desktop\u00bb _builder_version=\u00bb4.16&#8243; animation_style=\u00bbslide\u00bb animation_direction=\u00bbright\u00bb global_colors_info=\u00bb{}\u00bb][\/et_pb_image][et_pb_contact_form email=\u00bbforms.guindastes@gruposantin.com.br\u00bb custom_message=\u00bbNome: %%Name%%||et_pb_line_break_holder||||et_pb_line_break_holder||Email: %%Email%%||et_pb_line_break_holder||||et_pb_line_break_holder||%%Message%%\u00bb _builder_version=\u00bb4.27.6&#8243; _unique_id=\u00bb4d4aabd1-195f-40c6-8884-9325e66da991&#8243; global_colors_info=\u00bb{}\u00bb][et_pb_contact_field field_id=\u00bbName\u00bb field_title=\u00bbNombre\u00bb _builder_version=\u00bb4.16&#8243; global_colors_info=\u00bb{}\u00bb button_text_size__hover_enabled=\u00bboff\u00bb button_one_text_size__hover_enabled=\u00bboff\u00bb button_two_text_size__hover_enabled=\u00bboff\u00bb button_text_color__hover_enabled=\u00bboff\u00bb button_one_text_color__hover_enabled=\u00bboff\u00bb button_two_text_color__hover_enabled=\u00bboff\u00bb button_border_width__hover_enabled=\u00bboff\u00bb button_one_border_width__hover_enabled=\u00bboff\u00bb button_two_border_width__hover_enabled=\u00bboff\u00bb button_border_color__hover_enabled=\u00bboff\u00bb button_one_border_color__hover_enabled=\u00bboff\u00bb button_two_border_color__hover_enabled=\u00bboff\u00bb button_border_radius__hover_enabled=\u00bboff\u00bb button_one_border_radius__hover_enabled=\u00bboff\u00bb button_two_border_radius__hover_enabled=\u00bboff\u00bb button_letter_spacing__hover_enabled=\u00bboff\u00bb button_one_letter_spacing__hover_enabled=\u00bboff\u00bb button_two_letter_spacing__hover_enabled=\u00bboff\u00bb button_bg_color__hover_enabled=\u00bboff\u00bb button_one_bg_color__hover_enabled=\u00bboff\u00bb button_two_bg_color__hover_enabled=\u00bboff\u00bb][\/et_pb_contact_field][et_pb_contact_field field_id=\u00bbEmail\u00bb field_title=\u00bbE-mail\u00bb field_type=\u00bbemail\u00bb _builder_version=\u00bb4.16&#8243; global_colors_info=\u00bb{}\u00bb button_text_size__hover_enabled=\u00bboff\u00bb button_one_text_size__hover_enabled=\u00bboff\u00bb button_two_text_size__hover_enabled=\u00bboff\u00bb button_text_color__hover_enabled=\u00bboff\u00bb button_one_text_color__hover_enabled=\u00bboff\u00bb button_two_text_color__hover_enabled=\u00bboff\u00bb button_border_width__hover_enabled=\u00bboff\u00bb button_one_border_width__hover_enabled=\u00bboff\u00bb button_two_border_width__hover_enabled=\u00bboff\u00bb button_border_color__hover_enabled=\u00bboff\u00bb button_one_border_color__hover_enabled=\u00bboff\u00bb button_two_border_color__hover_enabled=\u00bboff\u00bb button_border_radius__hover_enabled=\u00bboff\u00bb button_one_border_radius__hover_enabled=\u00bboff\u00bb button_two_border_radius__hover_enabled=\u00bboff\u00bb button_letter_spacing__hover_enabled=\u00bboff\u00bb button_one_letter_spacing__hover_enabled=\u00bboff\u00bb button_two_letter_spacing__hover_enabled=\u00bboff\u00bb button_bg_color__hover_enabled=\u00bboff\u00bb button_one_bg_color__hover_enabled=\u00bboff\u00bb button_two_bg_color__hover_enabled=\u00bboff\u00bb][\/et_pb_contact_field][et_pb_contact_field field_id=\u00bbMessage\u00bb field_title=\u00bbMensaje\u00bb field_type=\u00bbtext\u00bb fullwidth_field=\u00bbon\u00bb _builder_version=\u00bb4.16&#8243; global_colors_info=\u00bb{}\u00bb button_text_size__hover_enabled=\u00bboff\u00bb button_one_text_size__hover_enabled=\u00bboff\u00bb button_two_text_size__hover_enabled=\u00bboff\u00bb button_text_color__hover_enabled=\u00bboff\u00bb button_one_text_color__hover_enabled=\u00bboff\u00bb button_two_text_color__hover_enabled=\u00bboff\u00bb button_border_width__hover_enabled=\u00bboff\u00bb button_one_border_width__hover_enabled=\u00bboff\u00bb button_two_border_width__hover_enabled=\u00bboff\u00bb button_border_color__hover_enabled=\u00bboff\u00bb button_one_border_color__hover_enabled=\u00bboff\u00bb button_two_border_color__hover_enabled=\u00bboff\u00bb button_border_radius__hover_enabled=\u00bboff\u00bb button_one_border_radius__hover_enabled=\u00bboff\u00bb button_two_border_radius__hover_enabled=\u00bboff\u00bb button_letter_spacing__hover_enabled=\u00bboff\u00bb button_one_letter_spacing__hover_enabled=\u00bboff\u00bb button_two_letter_spacing__hover_enabled=\u00bboff\u00bb button_bg_color__hover_enabled=\u00bboff\u00bb button_one_bg_color__hover_enabled=\u00bboff\u00bb button_two_bg_color__hover_enabled=\u00bboff\u00bb][\/et_pb_contact_field][\/et_pb_contact_form][\/et_pb_column][\/et_pb_row][\/et_pb_section]<\/p>\n","protected":false},"excerpt":{"rendered":"<p>Santin Gr\u00faas SANTIN GUINDASTES es una empresa moderna y audaz que opera en el mercado nacional de elevaci\u00f3n y manipulaci\u00f3n de carga. Con equipos de hasta 800 toneladas, la flota es nueva y cumple con los proyectos y clientes m\u00e1s exigentes. Con un equipo de profesionales altamente calificados y exigentes de las principales \u00e1reas de [&hellip;]<\/p>\n","protected":false},"author":1,"featured_media":0,"parent":0,"menu_order":0,"comment_status":"closed","ping_status":"closed","template":"","meta":{"_et_pb_use_builder":"on","_et_pb_old_content":"","_et_gb_content_width":"","footnotes":""},"class_list":["post-104","page","type-page","status-publish","hentry"],"_links":{"self":[{"href":"https:\/\/gruposantin.com.br\/espanol\/wp-json\/wp\/v2\/pages\/104","targetHints":{"allow":["GET"]}}],"collection":[{"href":"https:\/\/gruposantin.com.br\/espanol\/wp-json\/wp\/v2\/pages"}],"about":[{"href":"https:\/\/gruposantin.com.br\/espanol\/wp-json\/wp\/v2\/types\/page"}],"author":[{"embeddable":true,"href":"https:\/\/gruposantin.com.br\/espanol\/wp-json\/wp\/v2\/users\/1"}],"replies":[{"embeddable":true,"href":"https:\/\/gruposantin.com.br\/espanol\/wp-json\/wp\/v2\/comments?post=104"}],"version-history":[{"count":6,"href":"https:\/\/gruposantin.com.br\/espanol\/wp-json\/wp\/v2\/pages\/104\/revisions"}],"predecessor-version":[{"id":295,"href":"https:\/\/gruposantin.com.br\/espanol\/wp-json\/wp\/v2\/pages\/104\/revisions\/295"}],"wp:attachment":[{"href":"https:\/\/gruposantin.com.br\/espanol\/wp-json\/wp\/v2\/media?parent=104"}],"curies":[{"name":"wp","href":"https:\/\/api.w.org\/{rel}","templated":true}]}}