{"id":114,"date":"2019-12-03T14:39:54","date_gmt":"2019-12-03T14:39:54","guid":{"rendered":"https:\/\/tprince.net\/santin\/?page_id=114"},"modified":"2026-04-22T14:39:07","modified_gmt":"2026-04-22T14:39:07","slug":"transporte-e-logistica","status":"publish","type":"page","link":"https:\/\/gruposantin.com.br\/espanol\/transporte-e-logistica\/","title":{"rendered":"Transporte y Logistica"},"content":{"rendered":"<p>[et_pb_section fb_built=\u00bb1&#8243; _builder_version=\u00bb4.16&#8243; background_image=\u00bbhttp:\/\/gruposantin.com.br\/espanol\/wp-content\/uploads\/2019\/12\/bgSEMCO1-1024&#215;576.jpg\u00bb global_colors_info=\u00bb{}\u00bb][et_pb_row _builder_version=\u00bb4.16&#8243; background_size=\u00bbinitial\u00bb background_position=\u00bbtop_left\u00bb background_repeat=\u00bbrepeat\u00bb global_colors_info=\u00bb{}\u00bb][et_pb_column type=\u00bb4_4&#8243; _builder_version=\u00bb4.16&#8243; custom_padding=\u00bb|||\u00bb global_colors_info=\u00bb{}\u00bb custom_padding__hover=\u00bb|||\u00bb][et_pb_text _builder_version=\u00bb4.16&#8243; background_layout=\u00bbdark\u00bb global_colors_info=\u00bb{}\u00bb]<\/p>\n<h1>Transporte y Logistica<\/h1>\n<p>[\/et_pb_text][\/et_pb_column][\/et_pb_row][\/et_pb_section][et_pb_section fb_built=\u00bb1&#8243; _builder_version=\u00bb4.16&#8243; global_colors_info=\u00bb{}\u00bb][et_pb_row column_structure=\u00bb2_3,1_3&#8243; _builder_version=\u00bb4.16&#8243; background_size=\u00bbinitial\u00bb background_position=\u00bbtop_left\u00bb background_repeat=\u00bbrepeat\u00bb global_colors_info=\u00bb{}\u00bb][et_pb_column type=\u00bb2_3&#8243; _builder_version=\u00bb4.16&#8243; custom_padding=\u00bb|||\u00bb global_colors_info=\u00bb{}\u00bb custom_padding__hover=\u00bb|||\u00bb][et_pb_text _builder_version=\u00bb4.16&#8243; global_colors_info=\u00bb{}\u00bb]<img loading=\"lazy\" decoding=\"async\" class=\"alignnone size-full wp-image-230\" src=\"http:\/\/gruposantin.com.br\/espanol\/wp-content\/uploads\/2019\/12\/logoSANTRANSP1-1.png\" alt=\"\" width=\"700\" height=\"70\" srcset=\"https:\/\/gruposantin.com.br\/espanol\/wp-content\/uploads\/2019\/12\/logoSANTRANSP1-1.png 700w, https:\/\/gruposantin.com.br\/espanol\/wp-content\/uploads\/2019\/12\/logoSANTRANSP1-1-300x30.png 300w\" sizes=\"(max-width: 700px) 100vw, 700px\" \/><\/p>\n<p><strong>SANTIN TRANSPORT<\/strong> <strong>and LOGISTICS<\/strong> ofrece soluciones integradas en las \u00e1reas de transporte convencional, especiales en peso o tama\u00f1o y cargas pesadas y s\u00faper pesadas. Utiliza flota y equipos siempre actualizados con tecnolog\u00eda avanzada, adem\u00e1s de contar con empleados altamente calificados.<\/p>\n<p>Opera con transporte de carga especial en los sectores e\u00f3lico, hidroel\u00e9ctrico y t\u00e9rmico, papel y celulosa, miner\u00eda, acero y petroqu\u00edmico. Su diferencial es servir a cada cliente de una manera \u00fanica, entendiendo sus necesidades. SANTIN TRANSPORT AND LOGISTICS busca continuamente soluciones personalizadas para cada desaf\u00edo enfrentado.<br \/>\n[\/et_pb_text][et_pb_toggle title=\u00bbPolitica de Calidad\u00bb _builder_version=\u00bb4.16&#8243; global_colors_info=\u00bb{}\u00bb]<img loading=\"lazy\" decoding=\"async\" class=\"alignnone size-full wp-image-117\" src=\"http:\/\/gruposantin.com.br\/espanol\/wp-content\/uploads\/2019\/12\/Captura-de-tela-de-2018-06-12-09-16-31.png\" alt=\"\" width=\"609\" height=\"863\" srcset=\"https:\/\/gruposantin.com.br\/espanol\/wp-content\/uploads\/2019\/12\/Captura-de-tela-de-2018-06-12-09-16-31.png 609w, https:\/\/gruposantin.com.br\/espanol\/wp-content\/uploads\/2019\/12\/Captura-de-tela-de-2018-06-12-09-16-31-212x300.png 212w\" sizes=\"(max-width: 609px) 100vw, 609px\" \/><br \/>\n[\/et_pb_toggle][et_pb_toggle title=\u00bbCertificaci\u00f3n ISO 9001 \/ Otros\u00bb _builder_version=\u00bb4.16&#8243; global_colors_info=\u00bb{}\u00bb]<img loading=\"lazy\" decoding=\"async\" class=\"alignnone size-full wp-image-118\" src=\"http:\/\/gruposantin.com.br\/espanol\/wp-content\/uploads\/2019\/12\/Captura-de-tela-de-2018-08-06-14-44-46.png\" alt=\"\" width=\"654\" height=\"930\" srcset=\"https:\/\/gruposantin.com.br\/espanol\/wp-content\/uploads\/2019\/12\/Captura-de-tela-de-2018-08-06-14-44-46.png 654w, https:\/\/gruposantin.com.br\/espanol\/wp-content\/uploads\/2019\/12\/Captura-de-tela-de-2018-08-06-14-44-46-211x300.png 211w\" sizes=\"(max-width: 654px) 100vw, 654px\" \/><br \/>\n[\/et_pb_toggle][et_pb_toggle title=\u00bbCertificaci\u00f3n ISO 45001&#8243; _builder_version=\u00bb4.27.6&#8243; hover_enabled=\u00bb0&#8243; global_colors_info=\u00bb{}\u00bb sticky_enabled=\u00bb0&#8243;]<img loading=\"lazy\" decoding=\"async\" class=\"aligncenter wp-image-3711 size-medium\" src=\"https:\/\/gruposantin.com.br\/wp-content\/uploads\/2026\/04\/CERTIFICADO-ISO-45001-1-2.jpg\" alt=\"\" width=\"624\" height=\"14999\" \/>[\/et_pb_toggle][\/et_pb_column][et_pb_column type=\u00bb1_3&#8243; _builder_version=\u00bb4.16&#8243; custom_padding=\u00bb|||\u00bb global_colors_info=\u00bb{}\u00bb custom_padding__hover=\u00bb|||\u00bb][et_pb_image src=\u00bbhttp:\/\/gruposantin.com.br\/espanol\/wp-content\/uploads\/2019\/12\/ISO_90011-400&#215;177-2.gif\u00bb align=\u00bbcenter\u00bb align_tablet=\u00bbcenter\u00bb align_phone=\u00bbcenter\u00bb align_last_edited=\u00bbon|desktop\u00bb _builder_version=\u00bb4.16&#8243; animation_style=\u00bbslide\u00bb animation_direction=\u00bbright\u00bb global_colors_info=\u00bb{}\u00bb][\/et_pb_image][et_pb_contact_form email=\u00bbforms.transporte@gruposantin.com.br\u00bb custom_message=\u00bbNome: %%Name%%||et_pb_line_break_holder||||et_pb_line_break_holder||Email: %%Email%%||et_pb_line_break_holder||||et_pb_line_break_holder||%%Message%%\u00bb _builder_version=\u00bb4.27.6&#8243; _unique_id=\u00bbc65170bd-e8ff-4860-93f1-05556abdf40b\u00bb global_colors_info=\u00bb{}\u00bb][et_pb_contact_field field_id=\u00bbName\u00bb field_title=\u00bbNombre\u00bb _builder_version=\u00bb4.16&#8243; global_colors_info=\u00bb{}\u00bb button_text_size__hover_enabled=\u00bboff\u00bb button_one_text_size__hover_enabled=\u00bboff\u00bb button_two_text_size__hover_enabled=\u00bboff\u00bb button_text_color__hover_enabled=\u00bboff\u00bb button_one_text_color__hover_enabled=\u00bboff\u00bb button_two_text_color__hover_enabled=\u00bboff\u00bb button_border_width__hover_enabled=\u00bboff\u00bb button_one_border_width__hover_enabled=\u00bboff\u00bb button_two_border_width__hover_enabled=\u00bboff\u00bb button_border_color__hover_enabled=\u00bboff\u00bb button_one_border_color__hover_enabled=\u00bboff\u00bb button_two_border_color__hover_enabled=\u00bboff\u00bb button_border_radius__hover_enabled=\u00bboff\u00bb button_one_border_radius__hover_enabled=\u00bboff\u00bb button_two_border_radius__hover_enabled=\u00bboff\u00bb button_letter_spacing__hover_enabled=\u00bboff\u00bb button_one_letter_spacing__hover_enabled=\u00bboff\u00bb button_two_letter_spacing__hover_enabled=\u00bboff\u00bb button_bg_color__hover_enabled=\u00bboff\u00bb button_one_bg_color__hover_enabled=\u00bboff\u00bb button_two_bg_color__hover_enabled=\u00bboff\u00bb][\/et_pb_contact_field][et_pb_contact_field field_id=\u00bbEmail\u00bb field_title=\u00bbE-mail\u00bb field_type=\u00bbemail\u00bb _builder_version=\u00bb4.16&#8243; global_colors_info=\u00bb{}\u00bb button_text_size__hover_enabled=\u00bboff\u00bb button_one_text_size__hover_enabled=\u00bboff\u00bb button_two_text_size__hover_enabled=\u00bboff\u00bb button_text_color__hover_enabled=\u00bboff\u00bb button_one_text_color__hover_enabled=\u00bboff\u00bb button_two_text_color__hover_enabled=\u00bboff\u00bb button_border_width__hover_enabled=\u00bboff\u00bb button_one_border_width__hover_enabled=\u00bboff\u00bb button_two_border_width__hover_enabled=\u00bboff\u00bb button_border_color__hover_enabled=\u00bboff\u00bb button_one_border_color__hover_enabled=\u00bboff\u00bb button_two_border_color__hover_enabled=\u00bboff\u00bb button_border_radius__hover_enabled=\u00bboff\u00bb button_one_border_radius__hover_enabled=\u00bboff\u00bb button_two_border_radius__hover_enabled=\u00bboff\u00bb button_letter_spacing__hover_enabled=\u00bboff\u00bb button_one_letter_spacing__hover_enabled=\u00bboff\u00bb button_two_letter_spacing__hover_enabled=\u00bboff\u00bb button_bg_color__hover_enabled=\u00bboff\u00bb button_one_bg_color__hover_enabled=\u00bboff\u00bb button_two_bg_color__hover_enabled=\u00bboff\u00bb][\/et_pb_contact_field][et_pb_contact_field field_id=\u00bbMessage\u00bb field_title=\u00bbMensaje\u00bb field_type=\u00bbtext\u00bb fullwidth_field=\u00bbon\u00bb _builder_version=\u00bb4.16&#8243; global_colors_info=\u00bb{}\u00bb button_text_size__hover_enabled=\u00bboff\u00bb button_one_text_size__hover_enabled=\u00bboff\u00bb button_two_text_size__hover_enabled=\u00bboff\u00bb button_text_color__hover_enabled=\u00bboff\u00bb button_one_text_color__hover_enabled=\u00bboff\u00bb button_two_text_color__hover_enabled=\u00bboff\u00bb button_border_width__hover_enabled=\u00bboff\u00bb button_one_border_width__hover_enabled=\u00bboff\u00bb button_two_border_width__hover_enabled=\u00bboff\u00bb button_border_color__hover_enabled=\u00bboff\u00bb button_one_border_color__hover_enabled=\u00bboff\u00bb button_two_border_color__hover_enabled=\u00bboff\u00bb button_border_radius__hover_enabled=\u00bboff\u00bb button_one_border_radius__hover_enabled=\u00bboff\u00bb button_two_border_radius__hover_enabled=\u00bboff\u00bb button_letter_spacing__hover_enabled=\u00bboff\u00bb button_one_letter_spacing__hover_enabled=\u00bboff\u00bb button_two_letter_spacing__hover_enabled=\u00bboff\u00bb button_bg_color__hover_enabled=\u00bboff\u00bb button_one_bg_color__hover_enabled=\u00bboff\u00bb button_two_bg_color__hover_enabled=\u00bboff\u00bb][\/et_pb_contact_field][\/et_pb_contact_form][\/et_pb_column][\/et_pb_row][\/et_pb_section]<\/p>\n","protected":false},"excerpt":{"rendered":"<p>Transporte y Logistica SANTIN TRANSPORT and LOGISTICS ofrece soluciones integradas en las \u00e1reas de transporte convencional, especiales en peso o tama\u00f1o y cargas pesadas y s\u00faper pesadas. Utiliza flota y equipos siempre actualizados con tecnolog\u00eda avanzada, adem\u00e1s de contar con empleados altamente calificados. Opera con transporte de carga especial en los sectores e\u00f3lico, hidroel\u00e9ctrico y [&hellip;]<\/p>\n","protected":false},"author":1,"featured_media":0,"parent":0,"menu_order":0,"comment_status":"closed","ping_status":"closed","template":"","meta":{"_et_pb_use_builder":"on","_et_pb_old_content":"","_et_gb_content_width":"","footnotes":""},"class_list":["post-114","page","type-page","status-publish","hentry"],"_links":{"self":[{"href":"https:\/\/gruposantin.com.br\/espanol\/wp-json\/wp\/v2\/pages\/114","targetHints":{"allow":["GET"]}}],"collection":[{"href":"https:\/\/gruposantin.com.br\/espanol\/wp-json\/wp\/v2\/pages"}],"about":[{"href":"https:\/\/gruposantin.com.br\/espanol\/wp-json\/wp\/v2\/types\/page"}],"author":[{"embeddable":true,"href":"https:\/\/gruposantin.com.br\/espanol\/wp-json\/wp\/v2\/users\/1"}],"replies":[{"embeddable":true,"href":"https:\/\/gruposantin.com.br\/espanol\/wp-json\/wp\/v2\/comments?post=114"}],"version-history":[{"count":5,"href":"https:\/\/gruposantin.com.br\/espanol\/wp-json\/wp\/v2\/pages\/114\/revisions"}],"predecessor-version":[{"id":298,"href":"https:\/\/gruposantin.com.br\/espanol\/wp-json\/wp\/v2\/pages\/114\/revisions\/298"}],"wp:attachment":[{"href":"https:\/\/gruposantin.com.br\/espanol\/wp-json\/wp\/v2\/media?parent=114"}],"curies":[{"name":"wp","href":"https:\/\/api.w.org\/{rel}","templated":true}]}}