{"id":135,"date":"2019-12-03T17:34:37","date_gmt":"2019-12-03T17:34:37","guid":{"rendered":"https:\/\/tprince.net\/santin\/?page_id=135"},"modified":"2019-12-05T18:17:17","modified_gmt":"2019-12-05T18:17:17","slug":"energia","status":"publish","type":"page","link":"https:\/\/gruposantin.com.br\/espanol\/energia\/","title":{"rendered":"Energ\u00eda"},"content":{"rendered":"<p>[et_pb_section bb_built=\u00bb1&#8243; next_background_color=\u00bb#ffffff\u00bb _builder_version=\u00bb3.6&#8243; background_image=\u00bbhttp:\/\/gruposantin.com.br\/espanol\/wp-content\/uploads\/2019\/12\/6865899-world-map-wallpaper1.jpg\u00bb][et_pb_row][et_pb_column type=\u00bb4_4&#8243;][et_pb_text _builder_version=\u00bb3.6&#8243; background_layout=\u00bbdark\u00bb]<\/p>\n<h1>Energ\u00eda<\/h1>\n<p>[\/et_pb_text][\/et_pb_column][\/et_pb_row][\/et_pb_section][et_pb_section bb_built=\u00bb1&#8243; fullwidth=\u00bboff\u00bb specialty=\u00bboff\u00bb prev_background_color=\u00bb#000000&#8243;][et_pb_row][et_pb_column type=\u00bb4_4&#8243;][et_pb_text _builder_version=\u00bb3.6&#8243;]<\/p>\n<h3>Cliente:\u00a0Biocon<\/h3>\n<ul>\n<li>Proyecto: Biocon \/ Angola<\/li>\n<\/ul>\n<p>[\/et_pb_text][et_pb_toggle _builder_version=\u00bb3.6&#8243; title=\u00bbDetalles del Trabajo\u00bb]<\/p>\n<p><strong>Detalles del trabajo<\/strong><br \/>\nImplementaci\u00f3n de una planta termoel\u00e9ctrica de biomasa de 120 MW<\/p>\n<ul>\n<li>Montaje e instalaci\u00f3n de 02 calderas VS-500 &#8211; 200tvh, 67,0kgf \/ cm\u00b2, temperatura: 485\u00ba cada una.<\/li>\n<li>Montaje e interconexi\u00f3n de tuber\u00edas de vapor entre la caldera y la central el\u00e9ctrica:<\/li>\n<li>Tubo de acero aleado 67kgf \/ cm\u00b2;<\/li>\n<li>Tubo de bajada de vapor;<\/li>\n<li>Tuber\u00eda de enfriamiento de agua para generadores y condensadores.<\/li>\n<li>Instalaci\u00f3n y montaje del sistema de bagazo de ca\u00f1a de az\u00facar.<\/li>\n<li>Conjunto de sistema de recepci\u00f3n de ca\u00f1a:<\/li>\n<li>Mesa de alimentaci\u00f3n;<\/li>\n<li>Cinta transportadora;<\/li>\n<li>Difusor;<\/li>\n<li>Traje de fresado.<\/li>\n<li>Montaje e interconexi\u00f3n del sistema de fermentaci\u00f3n:<\/li>\n<li>Cubas de fermentaci\u00f3n;<\/li>\n<li>Pre fermentaci\u00f3n;<\/li>\n<li>Estructura de fermentaci\u00f3n previa;<\/li>\n<li>Intercambiadores de calor;<\/li>\n<li>Torres de enfriamiento.<\/li>\n<li>Montaje e interconexi\u00f3n del sistema de fabricaci\u00f3n de alcohol:<\/li>\n<li>Columnas de destilaci\u00f3n;<\/li>\n<li>Condensadores;<\/li>\n<li>Intercambiadores de calor;<\/li>\n<li>Tanques de medici\u00f3n de alcohol;<\/li>\n<li>Torres de enfriamiento.<\/li>\n<li>Montaje e interconexi\u00f3n del sistema de almacenamiento de alcohol:<\/li>\n<li>Tanques de 10.000 m\u00b3.<\/li>\n<li>Montaje e interconexi\u00f3n en bastidor de tuber\u00eda:<\/li>\n<li>Tubos de vapor;<\/li>\n<li>Pipas de caldo;<\/li>\n<li>Tuber\u00edas de agua;<\/li>\n<li>Tubos qu\u00edmicos;<\/li>\n<li>Pipas de miel;<\/li>\n<li>Tuber\u00edas de condensado.<\/li>\n<li>Fabricaci\u00f3n y montaje de estructuras:<\/li>\n<li>Bastidores de tubos;<\/li>\n<li>Piso de la central el\u00e9ctrica;<\/li>\n<li>Piso de fermentaci\u00f3n previa;<\/li>\n<li>Piso de fermentaci\u00f3n;<\/li>\n<li>Piso de tratamiento de caldo;<\/li>\n<li>Caldo de suelo radiante.<\/li>\n<\/ul>\n<p>[\/et_pb_toggle][et_pb_gallery _builder_version=\u00bb3.6&#8243; gallery_ids=\u00bb137,138,139,140&#8243; show_title_and_caption=\u00bboff\u00bb show_pagination=\u00bboff\u00bb zoom_icon_color=\u00bb#2ea3f2&#8243; hover_overlay_color=\u00bbrgba(255,255,255,0.9)\u00bb \/][\/et_pb_column][\/et_pb_row][et_pb_row][et_pb_column type=\u00bb4_4&#8243;][et_pb_text _builder_version=\u00bb3.6&#8243;]<\/p>\n<h3>Cliente:\u00a0ENERGISA<\/h3>\n<ul>\n<li>Proyecto: Vista Alegre I e II \/ MS<\/li>\n<\/ul>\n<p>[\/et_pb_text][et_pb_toggle _builder_version=\u00bb3.6&#8243; title=\u00bbDetalles del Trabajo\u00bb]<\/p>\n<p><strong>Detalles del trabajo<\/strong><br \/>\nImplementaci\u00f3n de una planta termoel\u00e9ctrica de biomasa de 60 MW<\/p>\n<ul>\n<li>Movimiento de tierras;<\/li>\n<li>Base de equipo;<\/li>\n<li>Drenaje;<\/li>\n<li>Pavimentaci\u00f3n;<\/li>\n<li>CCM;<\/li>\n<li>Potencia;<\/li>\n<li>Torre de enfriamiento;<\/li>\n<li>Sistema de cogeneraci\u00f3n energ\u00e9tica;<\/li>\n<li>Turbogenerador de contrapresi\u00f3n &#8211; 30 MW;<\/li>\n<li>Turbogenerador de condensaci\u00f3n &#8211; 30 MW;<\/li>\n<li>Bastidores de tuber\u00edas y estructuras de potencia;<\/li>\n<li>Interconexi\u00f3n del sistema de vapor a alta presi\u00f3n: 67 kgf \/ cm\u00b2 entre la caldera y la central el\u00e9ctrica;<\/li>\n<li>Interconexi\u00f3n del sistema de torre de enfriamiento;<\/li>\n<li>Sistema de descenso de vapor con v\u00e1lvulas de acondicionamiento;<\/li>\n<li>Interconexi\u00f3n del sistema de agua condensada;<\/li>\n<li>Fabricaci\u00f3n y montaje de tanques de agua condensada<\/li>\n<li>Suministro y montaje de pisos de potencia;<\/li>\n<li>Suministro y montaje de tanque de agua desmineralizada &#8211; 4,000 m\u00b3<\/li>\n<\/ul>\n<p>[\/et_pb_toggle][et_pb_gallery _builder_version=\u00bb3.6&#8243; gallery_ids=\u00bb141,142,143,144&#8243; show_title_and_caption=\u00bboff\u00bb show_pagination=\u00bboff\u00bb zoom_icon_color=\u00bb#2ea3f2&#8243; hover_overlay_color=\u00bbrgba(255,255,255,0.9)\u00bb \/][\/et_pb_column][\/et_pb_row][et_pb_row][et_pb_column type=\u00bb4_4&#8243;][et_pb_text _builder_version=\u00bb3.6&#8243;]<\/p>\n<h3>Cliente:\u00a0BROOKFIELD<\/h3>\n<ul>\n<li>Proyecto: Santa C\u00e2ndida I e II \/ SP<\/li>\n<\/ul>\n<p>[\/et_pb_text][et_pb_toggle _builder_version=\u00bb3.6&#8243; title=\u00bbDetalles del Trabajo\u00bb]<\/p>\n<p><strong>Implementaci\u00f3n de una planta termoel\u00e9ctrica de biomasa de 60 MW<\/strong><\/p>\n<ul>\n<li>Movimiento de tierras;<\/li>\n<li>Base de equipo;<\/li>\n<li>Drenaje;<\/li>\n<li>Pavimentaci\u00f3n;<\/li>\n<li>CCM;<\/li>\n<li>Potencia;<\/li>\n<li>Torre de enfriamiento;<\/li>\n<li>Sistema de cogeneraci\u00f3n energ\u00e9tica;<\/li>\n<li>Turbogenerador de contrapresi\u00f3n &#8211; 30 MW;<\/li>\n<li>Turbogenerador de condensaci\u00f3n &#8211; 30 MW;<\/li>\n<li>Bastidores de tuber\u00edas y estructuras de potencia;<\/li>\n<li>Interconexi\u00f3n del sistema de vapor a alta presi\u00f3n: 67 kgf \/ cm\u00b2 entre la caldera y la central el\u00e9ctrica;<\/li>\n<li>Interconexi\u00f3n del sistema de torre de enfriamiento;<\/li>\n<li>Sistema de descenso de vapor con v\u00e1lvulas de acondicionamiento;<\/li>\n<li>Interconexi\u00f3n del sistema de agua condensada;<\/li>\n<li>Fabricaci\u00f3n y montaje de tanques de agua condensada<\/li>\n<li>Suministro y montaje de pisos de potencia;<\/li>\n<li>Suministro y montaje de tanque de agua desmineralizada &#8211; 4,000 m\u00b3.<\/li>\n<\/ul>\n<p>[\/et_pb_toggle][et_pb_gallery _builder_version=\u00bb3.6&#8243; gallery_ids=\u00bb145,146,147,148&#8243; show_title_and_caption=\u00bboff\u00bb show_pagination=\u00bboff\u00bb zoom_icon_color=\u00bb#2ea3f2&#8243; hover_overlay_color=\u00bbrgba(255,255,255,0.9)\u00bb \/][\/et_pb_column][\/et_pb_row][\/et_pb_section]<\/p>\n","protected":false},"excerpt":{"rendered":"<p><div class=\"et_pb_row et_pb_row_0 et_pb_row_empty\">\n\t\t\t\t\n\t\t\t\t\n\t\t\t\t\n\t\t\t\t\n\t\t\t\t\n\t\t\t<\/div> Energ\u00eda <div class=\"et_pb_row et_pb_row_1 et_pb_row_empty\">\n\t\t\t\t\n\t\t\t\t\n\t\t\t\t\n\t\t\t\t\n\t\t\t\t\n\t\t\t<\/div> Cliente:\u00a0Biocon Proyecto: Biocon \/ Angola Detalles del trabajo Implementaci\u00f3n de una planta termoel\u00e9ctrica de biomasa de 120 MW Montaje e instalaci\u00f3n de 02 calderas VS-500 &#8211; 200tvh, 67,0kgf \/ cm\u00b2, temperatura: 485\u00ba cada una. Montaje e interconexi\u00f3n de tuber\u00edas de vapor entre la caldera y la central el\u00e9ctrica: Tubo de acero aleado [&hellip;]<\/p>\n","protected":false},"author":1,"featured_media":0,"parent":0,"menu_order":0,"comment_status":"closed","ping_status":"closed","template":"","meta":{"_et_pb_use_builder":"on","_et_pb_old_content":"","_et_gb_content_width":"","footnotes":""},"class_list":["post-135","page","type-page","status-publish","hentry"],"_links":{"self":[{"href":"https:\/\/gruposantin.com.br\/espanol\/wp-json\/wp\/v2\/pages\/135","targetHints":{"allow":["GET"]}}],"collection":[{"href":"https:\/\/gruposantin.com.br\/espanol\/wp-json\/wp\/v2\/pages"}],"about":[{"href":"https:\/\/gruposantin.com.br\/espanol\/wp-json\/wp\/v2\/types\/page"}],"author":[{"embeddable":true,"href":"https:\/\/gruposantin.com.br\/espanol\/wp-json\/wp\/v2\/users\/1"}],"replies":[{"embeddable":true,"href":"https:\/\/gruposantin.com.br\/espanol\/wp-json\/wp\/v2\/comments?post=135"}],"version-history":[{"count":4,"href":"https:\/\/gruposantin.com.br\/espanol\/wp-json\/wp\/v2\/pages\/135\/revisions"}],"predecessor-version":[{"id":240,"href":"https:\/\/gruposantin.com.br\/espanol\/wp-json\/wp\/v2\/pages\/135\/revisions\/240"}],"wp:attachment":[{"href":"https:\/\/gruposantin.com.br\/espanol\/wp-json\/wp\/v2\/media?parent=135"}],"curies":[{"name":"wp","href":"https:\/\/api.w.org\/{rel}","templated":true}]}}