{"id":163,"date":"2019-12-03T17:44:11","date_gmt":"2019-12-03T17:44:11","guid":{"rendered":"https:\/\/tprince.net\/santin\/?page_id=163"},"modified":"2019-12-05T18:20:26","modified_gmt":"2019-12-05T18:20:26","slug":"manutencao-de-ferrovias","status":"publish","type":"page","link":"https:\/\/gruposantin.com.br\/espanol\/manutencao-de-ferrovias\/","title":{"rendered":"Mantenimiento Ferroviario"},"content":{"rendered":"<p>[et_pb_section bb_built=\u00bb1&#8243; next_background_color=\u00bb#ffffff\u00bb _builder_version=\u00bb3.6&#8243; background_image=\u00bbhttp:\/\/gruposantin.com.br\/espanol\/wp-content\/uploads\/2019\/12\/6865899-world-map-wallpaper1.jpg\u00bb][et_pb_row][et_pb_column type=\u00bb4_4&#8243;][et_pb_text _builder_version=\u00bb3.6&#8243; background_layout=\u00bbdark\u00bb]<\/p>\n<h1>Mantenimiento Ferroviario<\/h1>\n<p>[\/et_pb_text][\/et_pb_column][\/et_pb_row][\/et_pb_section][et_pb_section bb_built=\u00bb1&#8243; fullwidth=\u00bboff\u00bb specialty=\u00bboff\u00bb prev_background_color=\u00bb#000000&#8243;][et_pb_row][et_pb_column type=\u00bb4_4&#8243;][et_pb_text _builder_version=\u00bb3.6&#8243;]<\/p>\n<h3>Cliente: VALE<\/h3>\n<ul>\n<li>Proyecto: Manuten\u00e7\u00e3o da linha de ferro Caraj\u00e1s\/MA<\/li>\n<\/ul>\n<p>[\/et_pb_text][et_pb_toggle _builder_version=\u00bb3.6&#8243; title=\u00bbDetalles del Trabajo\u00bb]<\/p>\n<p><strong>Mantenimiento Ferroviario &#8211; Caraj\u00e1s &#8211; MA<\/strong><\/p>\n<ul>\n<li>Cambio de durmientes.<\/li>\n<\/ul>\n<p>[\/et_pb_toggle][et_pb_gallery _builder_version=\u00bb3.6&#8243; gallery_ids=\u00bb164,165,166,167&#8243; show_title_and_caption=\u00bboff\u00bb show_pagination=\u00bboff\u00bb zoom_icon_color=\u00bb#2ea3f2&#8243; hover_overlay_color=\u00bbrgba(255,255,255,0.9)\u00bb \/][\/et_pb_column][\/et_pb_row][\/et_pb_section]<\/p>\n","protected":false},"excerpt":{"rendered":"<p><div class=\"et_pb_row et_pb_row_0 et_pb_row_empty\">\n\t\t\t\t\n\t\t\t\t\n\t\t\t\t\n\t\t\t\t\n\t\t\t\t\n\t\t\t<\/div> Mantenimiento Ferroviario <div class=\"et_pb_row et_pb_row_1 et_pb_row_empty\">\n\t\t\t\t\n\t\t\t\t\n\t\t\t\t\n\t\t\t\t\n\t\t\t\t\n\t\t\t<\/div> Cliente: VALE Proyecto: Manuten\u00e7\u00e3o da linha de ferro Caraj\u00e1s\/MA Mantenimiento Ferroviario &#8211; Caraj\u00e1s &#8211; MA Cambio de durmientes.<\/p>\n","protected":false},"author":1,"featured_media":0,"parent":0,"menu_order":0,"comment_status":"closed","ping_status":"closed","template":"","meta":{"_et_pb_use_builder":"on","_et_pb_old_content":"","_et_gb_content_width":"","footnotes":""},"class_list":["post-163","page","type-page","status-publish","hentry"],"_links":{"self":[{"href":"https:\/\/gruposantin.com.br\/espanol\/wp-json\/wp\/v2\/pages\/163","targetHints":{"allow":["GET"]}}],"collection":[{"href":"https:\/\/gruposantin.com.br\/espanol\/wp-json\/wp\/v2\/pages"}],"about":[{"href":"https:\/\/gruposantin.com.br\/espanol\/wp-json\/wp\/v2\/types\/page"}],"author":[{"embeddable":true,"href":"https:\/\/gruposantin.com.br\/espanol\/wp-json\/wp\/v2\/users\/1"}],"replies":[{"embeddable":true,"href":"https:\/\/gruposantin.com.br\/espanol\/wp-json\/wp\/v2\/comments?post=163"}],"version-history":[{"count":3,"href":"https:\/\/gruposantin.com.br\/espanol\/wp-json\/wp\/v2\/pages\/163\/revisions"}],"predecessor-version":[{"id":244,"href":"https:\/\/gruposantin.com.br\/espanol\/wp-json\/wp\/v2\/pages\/163\/revisions\/244"}],"wp:attachment":[{"href":"https:\/\/gruposantin.com.br\/espanol\/wp-json\/wp\/v2\/media?parent=163"}],"curies":[{"name":"wp","href":"https:\/\/api.w.org\/{rel}","templated":true}]}}