{"id":169,"date":"2019-12-03T17:52:34","date_gmt":"2019-12-03T17:52:34","guid":{"rendered":"https:\/\/tprince.net\/santin\/?page_id=169"},"modified":"2019-12-05T18:26:26","modified_gmt":"2019-12-05T18:26:26","slug":"mineracao-e-siderurgia","status":"publish","type":"page","link":"https:\/\/gruposantin.com.br\/espanol\/mineracao-e-siderurgia\/","title":{"rendered":"Miner\u00eda y Acero"},"content":{"rendered":"<p>[et_pb_section bb_built=\u00bb1&#8243; next_background_color=\u00bb#ffffff\u00bb _builder_version=\u00bb3.6&#8243; background_image=\u00bbhttp:\/\/gruposantin.com.br\/espanol\/wp-content\/uploads\/2019\/12\/6865899-world-map-wallpaper1.jpg\u00bb][et_pb_row][et_pb_column type=\u00bb4_4&#8243;][et_pb_text _builder_version=\u00bb3.6&#8243; background_layout=\u00bbdark\u00bb]<\/p>\n<h1>Miner\u00eda y Acero<\/h1>\n<p>[\/et_pb_text][\/et_pb_column][\/et_pb_row][\/et_pb_section][et_pb_section bb_built=\u00bb1&#8243; fullwidth=\u00bboff\u00bb specialty=\u00bboff\u00bb prev_background_color=\u00bb#000000&#8243;][et_pb_row][et_pb_column type=\u00bb4_4&#8243;][et_pb_text _builder_version=\u00bb3.6&#8243;]<\/p>\n<h3>Cliente: VALE<\/h3>\n<ul>\n<li>Proyecto: Estaci\u00f3n de repostaje de camiones fuera de carretera \u2013 Mina Piriquito \/ MG<\/li>\n<\/ul>\n<p>[\/et_pb_text][et_pb_toggle _builder_version=\u00bb3.6&#8243; title=\u00bbDetalles del Trabajo\u00bb]<\/p>\n<p><strong>Detalles del trabajo<\/strong><\/p>\n<p>Camiones fuera de carretera<\/p>\n<ul>\n<li>Tanques;<\/li>\n<li>Bombas;<\/li>\n<li>Tubos;<\/li>\n<li>Bases civiles;<\/li>\n<li>Estructuras met\u00e1licas;<\/li>\n<li>Interconexi\u00f3n el\u00e9ctrica del sistema.<\/li>\n<\/ul>\n<p>[\/et_pb_toggle][et_pb_gallery _builder_version=\u00bb3.6&#8243; gallery_ids=\u00bb170,171,172,173&#8243; show_title_and_caption=\u00bboff\u00bb show_pagination=\u00bboff\u00bb zoom_icon_color=\u00bb#2ea3f2&#8243; hover_overlay_color=\u00bbrgba(255,255,255,0.9)\u00bb \/][\/et_pb_column][\/et_pb_row][et_pb_row][et_pb_column type=\u00bb4_4&#8243;][et_pb_text _builder_version=\u00bb3.6&#8243;]<\/p>\n<h3>Cliente: VALE<\/h3>\n<ul>\n<li>Proyecto: SPCI Mina do Pico \/ MG<\/li>\n<\/ul>\n<p>[\/et_pb_text][et_pb_toggle _builder_version=\u00bb3.6&#8243; title=\u00bbDetalhes da Obra\u00bb]<\/p>\n<h5 class=\"et_pb_toggle_title\">Detalhes da Obra<\/h5>\n<div class=\"et_pb_toggle_content clearfix\">\n<p><strong>Projeto: SPCI Mina do Pico \/ MG<\/strong><\/p>\n<p>&nbsp;<\/p>\n<ul>\n<li>Implementa\u00e7\u00e3o do PSCIP \u2013 Plano de Seguran\u00e7a Combate Inc\u00eandio e P\u00e2nico\n<ul>\n<li>Instala\u00e7\u00e3o do SPCI (Hidrantes);<\/li>\n<li>Instala\u00e7\u00e3o da Ilumina\u00e7\u00e3o de Emerg\u00eancia;<\/li>\n<li>Sinaliza\u00e7\u00e3o de Seguran\u00e7a;<\/li>\n<li>SDCI \u2013 Sistema de Detec\u00e7\u00e3o e Combate a Inc\u00eandio;<\/li>\n<li>SDAI \u2013 Sistema de Detec\u00e7\u00e3o e Alarme de Inc\u00eandio.<\/li>\n<\/ul>\n<\/li>\n<\/ul>\n<\/div>\n<p>[\/et_pb_toggle][et_pb_gallery _builder_version=\u00bb3.6&#8243; gallery_ids=\u00bb174,175,176,177&#8243; show_title_and_caption=\u00bboff\u00bb show_pagination=\u00bboff\u00bb zoom_icon_color=\u00bb#2ea3f2&#8243; hover_overlay_color=\u00bbrgba(255,255,255,0.9)\u00bb \/][\/et_pb_column][\/et_pb_row][et_pb_row][et_pb_column type=\u00bb4_4&#8243;][et_pb_text _builder_version=\u00bb3.6&#8243;]<\/p>\n<h3>Cliente: VALE<\/h3>\n<ul>\n<li>Proyecto: PSCIP \u2013 Terminal Ilha Gua\u00edba (TIG) y Compa\u00f1\u00eda Portuaria Bah\u00eda de Sepetiba (CPBS)<\/li>\n<\/ul>\n<p>[\/et_pb_text][et_pb_toggle _builder_version=\u00bb3.6&#8243; title=\u00bbDetalhes da Obra\u00bb]<\/p>\n<h5 class=\"et_pb_toggle_title\">Detalhes da Obra<\/h5>\n<div class=\"et_pb_toggle_content clearfix\">\n<p><strong>SPCI \u2013 TIG e SPCI \u2013 PORTO\u00a0<\/strong><b>ITAGUA\u00cd<\/b><\/p>\n<ul>\n<li>Tubula\u00e7\u00e3o;<\/li>\n<li>Bombas;<\/li>\n<li>Bases civis;<\/li>\n<li>Interliga\u00e7\u00e3o el\u00e9trica do sistema;<\/li>\n<li>Eletrocentro;<\/li>\n<li>Fornecimento e Montagem de Tanque.<\/li>\n<\/ul>\n<\/div>\n<p>[\/et_pb_toggle][et_pb_gallery _builder_version=\u00bb3.6&#8243; gallery_ids=\u00bb178,179,180,181&#8243; show_title_and_caption=\u00bboff\u00bb show_pagination=\u00bboff\u00bb zoom_icon_color=\u00bb#2ea3f2&#8243; hover_overlay_color=\u00bbrgba(255,255,255,0.9)\u00bb \/][\/et_pb_column][\/et_pb_row][et_pb_row][et_pb_column type=\u00bb4_4&#8243;][et_pb_text _builder_version=\u00bb3.6&#8243;]<\/p>\n<h3>Cliente: VALE<\/h3>\n<ul>\n<li>Proyecto: Adecuaci\u00f3n NR10 \u2013 Mariana\/MG<\/li>\n<\/ul>\n<p>[\/et_pb_text][et_pb_toggle _builder_version=\u00bb3.6&#8243; title=\u00bbDetalles del Trabajo\u00bb]<\/p>\n<p><strong>Detalles del trabajo<\/strong><\/p>\n<p>Idoneidad NR10<\/p>\n<ul>\n<li>Construcci\u00f3n de subestaciones;<\/li>\n<li>Montaje MCC;<\/li>\n<li>Bases civiles;<\/li>\n<li>Cuencas de contenci\u00f3n;<\/li>\n<li>Lanzamiento de cables y bandejas de cables;<\/li>\n<li>Suministro y montaje de tanques.<\/li>\n<\/ul>\n<p>[\/et_pb_toggle][et_pb_gallery _builder_version=\u00bb3.6&#8243; gallery_ids=\u00bb182,183,184,185&#8243; show_title_and_caption=\u00bboff\u00bb show_pagination=\u00bboff\u00bb zoom_icon_color=\u00bb#2ea3f2&#8243; hover_overlay_color=\u00bbrgba(255,255,255,0.9)\u00bb \/][\/et_pb_column][\/et_pb_row][et_pb_row][et_pb_column type=\u00bb4_4&#8243;][et_pb_text _builder_version=\u00bb3.6&#8243;]<\/p>\n<h3>Cliente: VALE<\/h3>\n<ul>\n<li>Proyecto: Brucutu Mine Mina Brucutu\/MG<\/li>\n<\/ul>\n<p>[\/et_pb_text][et_pb_toggle _builder_version=\u00bb3.6&#8243; title=\u00bbDetalles del Trabajo\u00bb]<\/p>\n<p><strong>Detalles del trabajo<\/strong><\/p>\n<p>L\u00ednea de relaves<\/p>\n<ul>\n<li>Tubo;<\/li>\n<li>Bombas;<\/li>\n<li>Bases civiles;<\/li>\n<li>Interconexi\u00f3n el\u00e9ctrica del sistema.<\/li>\n<\/ul>\n<p>[\/et_pb_toggle][et_pb_gallery _builder_version=\u00bb3.6&#8243; gallery_ids=\u00bb186,187,188,189&#8243; show_title_and_caption=\u00bboff\u00bb show_pagination=\u00bboff\u00bb zoom_icon_color=\u00bb#2ea3f2&#8243; hover_overlay_color=\u00bbrgba(255,255,255,0.9)\u00bb \/][\/et_pb_column][\/et_pb_row][et_pb_row][et_pb_column type=\u00bb4_4&#8243;][et_pb_text _builder_version=\u00bb3.6&#8243;]<\/p>\n<h3>Cliente: VALE<\/h3>\n<ul>\n<li>Proyecto: Sistema de suministro de agua de mina de f\u00e1brica<\/li>\n<\/ul>\n<p>[\/et_pb_text][et_pb_toggle _builder_version=\u00bb3.6&#8243; title=\u00bbDetalles del Trabajo\u00bb]<\/p>\n<p><strong>Sistema de suministro de agua de la f\u00e1brica de minas de f\u00e1brica<\/strong><\/p>\n<ul>\n<li>Tanques;<\/li>\n<li>Bombas;<\/li>\n<li>Tubos;<\/li>\n<li>Bases civiles;<\/li>\n<li>Interconexi\u00f3n el\u00e9ctrica del sistema.<\/li>\n<\/ul>\n<p>[\/et_pb_toggle][et_pb_gallery _builder_version=\u00bb3.6&#8243; gallery_ids=\u00bb190,191,192,193&#8243; show_title_and_caption=\u00bboff\u00bb show_pagination=\u00bboff\u00bb zoom_icon_color=\u00bb#2ea3f2&#8243; hover_overlay_color=\u00bbrgba(255,255,255,0.9)\u00bb \/][\/et_pb_column][\/et_pb_row][\/et_pb_section]<\/p>\n","protected":false},"excerpt":{"rendered":"<p><div class=\"et_pb_row et_pb_row_0 et_pb_row_empty\">\n\t\t\t\t\n\t\t\t\t\n\t\t\t\t\n\t\t\t\t\n\t\t\t\t\n\t\t\t<\/div> Miner\u00eda y Acero <div class=\"et_pb_row et_pb_row_1 et_pb_row_empty\">\n\t\t\t\t\n\t\t\t\t\n\t\t\t\t\n\t\t\t\t\n\t\t\t\t\n\t\t\t<\/div> Cliente: VALE Proyecto: Estaci\u00f3n de repostaje de camiones fuera de carretera \u2013 Mina Piriquito \/ MG Detalles del trabajo Camiones fuera de carretera Tanques; Bombas; Tubos; Bases civiles; Estructuras met\u00e1licas; Interconexi\u00f3n el\u00e9ctrica del sistema. <div class=\"et_pb_row et_pb_row_2 et_pb_row_empty\">\n\t\t\t\t\n\t\t\t\t\n\t\t\t\t\n\t\t\t\t\n\t\t\t\t\n\t\t\t<\/div> Cliente: VALE Proyecto: SPCI Mina do Pico \/ MG Detalhes da Obra Projeto: SPCI Mina [&hellip;]<\/p>\n","protected":false},"author":1,"featured_media":0,"parent":0,"menu_order":0,"comment_status":"closed","ping_status":"closed","template":"","meta":{"_et_pb_use_builder":"on","_et_pb_old_content":"","_et_gb_content_width":"","footnotes":""},"class_list":["post-169","page","type-page","status-publish","hentry"],"_links":{"self":[{"href":"https:\/\/gruposantin.com.br\/espanol\/wp-json\/wp\/v2\/pages\/169","targetHints":{"allow":["GET"]}}],"collection":[{"href":"https:\/\/gruposantin.com.br\/espanol\/wp-json\/wp\/v2\/pages"}],"about":[{"href":"https:\/\/gruposantin.com.br\/espanol\/wp-json\/wp\/v2\/types\/page"}],"author":[{"embeddable":true,"href":"https:\/\/gruposantin.com.br\/espanol\/wp-json\/wp\/v2\/users\/1"}],"replies":[{"embeddable":true,"href":"https:\/\/gruposantin.com.br\/espanol\/wp-json\/wp\/v2\/comments?post=169"}],"version-history":[{"count":4,"href":"https:\/\/gruposantin.com.br\/espanol\/wp-json\/wp\/v2\/pages\/169\/revisions"}],"predecessor-version":[{"id":247,"href":"https:\/\/gruposantin.com.br\/espanol\/wp-json\/wp\/v2\/pages\/169\/revisions\/247"}],"wp:attachment":[{"href":"https:\/\/gruposantin.com.br\/espanol\/wp-json\/wp\/v2\/media?parent=169"}],"curies":[{"name":"wp","href":"https:\/\/api.w.org\/{rel}","templated":true}]}}