{"id":46,"date":"2019-12-03T13:46:02","date_gmt":"2019-12-03T13:46:02","guid":{"rendered":"https:\/\/tprince.net\/santin\/?page_id=46"},"modified":"2019-12-05T17:52:23","modified_gmt":"2019-12-05T17:52:23","slug":"o-grupo","status":"publish","type":"page","link":"https:\/\/gruposantin.com.br\/espanol\/o-grupo\/","title":{"rendered":"El Grupo"},"content":{"rendered":"<p>[et_pb_section bb_built=\u00bb1&#8243; next_background_color=\u00bb#ffffff\u00bb _builder_version=\u00bb3.6&#8243; background_image=\u00bbhttp:\/\/gruposantin.com.br\/espanol\/wp-content\/uploads\/2019\/12\/bgSEMCO1-1024&#215;576.jpg\u00bb][et_pb_row][et_pb_column type=\u00bb4_4&#8243;][et_pb_text _builder_version=\u00bb3.6&#8243; background_layout=\u00bbdark\u00bb]<\/p>\n<h1><strong>El Grupo<\/strong><\/h1>\n<p>[\/et_pb_text][\/et_pb_column][\/et_pb_row][\/et_pb_section][et_pb_section bb_built=\u00bb1&#8243; fullwidth=\u00bboff\u00bb specialty=\u00bboff\u00bb prev_background_color=\u00bb#000000&#8243;][et_pb_row][et_pb_column type=\u00bb4_4&#8243;][et_pb_text _builder_version=\u00bb3.6&#8243;]<\/p>\n<h1><strong>Grupo SANTIN<\/strong><\/h1>\n<p>Instalado en Am\u00e9rico Brasiliense (SP) por m\u00e1s de 30 a\u00f1os, GRUPO SANTIN sirve al mercado de la construcci\u00f3n civil, ensambles electromec\u00e1nicos, fabricaci\u00f3n de equipos, transporte pesado y s\u00faper pesado, elevaci\u00f3n y manejo de carga. Son diferentes empresas especializadas que, juntas, obtienen sinergia y proporcionan total solidez y confianza en todas las operaciones realizadas.<\/p>\n<p>GRUPO SANTIN se ha destacado en muchos segmentos industriales, tanto por la calidad como por la rapidez con la que ejecuta sus proyectos. Con los a\u00f1os, ha aumentado su capacidad de producci\u00f3n, as\u00ed como su personal, asegurando la demanda de grandes empresas industriales.<\/p>\n<p>Una trayectoria exitosa que re\u00fane en su historia competencia, compromiso y profundo conocimiento de las necesidades de cada cliente. Todo con una caracter\u00edstica muy peculiar: innovaci\u00f3n responsable y alto rendimiento. Esta es la fuerza y \u200b\u200bel gran diferencial de GRUPO SANTIN.<\/p>\n<p>As\u00ed, respetando la experiencia adquirida y vigilando las nuevas tendencias, GRUPO SANTIN se consolida cada vez m\u00e1s en sus \u00e1reas de actividad, buscando la excelencia y la satisfacci\u00f3n de sus clientes, empleados, proveedores y socios.<\/p>\n<p><strong>MISI\u00d3N<\/strong><br \/>\nSatisfacer con excelencia las demandas de servicio, promoviendo soluciones integradas, asegurando la satisfacci\u00f3n y lealtad de nuestros clientes y empleados.<\/p>\n<p><strong>VISION<\/strong><br \/>\nSer reconocido como referencia en el mercado en el que operamos.<\/p>\n<p><strong>VALORES<\/strong><br \/>\n\u00c9tica y transparencia | Profesionalidad | Esp\u00edritu emprendedor | Innovaci\u00f3n | Calidad | Crecimiento sostenible | Respeto por la vida | Respeto a la diversidad | Orgulloso de ser SANTIN.<\/p>\n<p>[\/et_pb_text][\/et_pb_column][\/et_pb_row][\/et_pb_section]<\/p>\n","protected":false},"excerpt":{"rendered":"<p><div class=\"et_pb_row et_pb_row_0 et_pb_row_empty\">\n\t\t\t\t\n\t\t\t\t\n\t\t\t\t\n\t\t\t\t\n\t\t\t\t\n\t\t\t<\/div> El Grupo <div class=\"et_pb_row et_pb_row_1 et_pb_row_empty\">\n\t\t\t\t\n\t\t\t\t\n\t\t\t\t\n\t\t\t\t\n\t\t\t\t\n\t\t\t<\/div> Grupo SANTIN Instalado en Am\u00e9rico Brasiliense (SP) por m\u00e1s de 30 a\u00f1os, GRUPO SANTIN sirve al mercado de la construcci\u00f3n civil, ensambles electromec\u00e1nicos, fabricaci\u00f3n de equipos, transporte pesado y s\u00faper pesado, elevaci\u00f3n y manejo de carga. Son diferentes empresas especializadas que, juntas, obtienen sinergia y proporcionan total solidez y confianza en [&hellip;]<\/p>\n","protected":false},"author":1,"featured_media":0,"parent":0,"menu_order":0,"comment_status":"closed","ping_status":"closed","template":"","meta":{"_et_pb_use_builder":"on","_et_pb_old_content":"","_et_gb_content_width":"","footnotes":""},"class_list":["post-46","page","type-page","status-publish","hentry"],"_links":{"self":[{"href":"https:\/\/gruposantin.com.br\/espanol\/wp-json\/wp\/v2\/pages\/46","targetHints":{"allow":["GET"]}}],"collection":[{"href":"https:\/\/gruposantin.com.br\/espanol\/wp-json\/wp\/v2\/pages"}],"about":[{"href":"https:\/\/gruposantin.com.br\/espanol\/wp-json\/wp\/v2\/types\/page"}],"author":[{"embeddable":true,"href":"https:\/\/gruposantin.com.br\/espanol\/wp-json\/wp\/v2\/users\/1"}],"replies":[{"embeddable":true,"href":"https:\/\/gruposantin.com.br\/espanol\/wp-json\/wp\/v2\/comments?post=46"}],"version-history":[{"count":9,"href":"https:\/\/gruposantin.com.br\/espanol\/wp-json\/wp\/v2\/pages\/46\/revisions"}],"predecessor-version":[{"id":221,"href":"https:\/\/gruposantin.com.br\/espanol\/wp-json\/wp\/v2\/pages\/46\/revisions\/221"}],"wp:attachment":[{"href":"https:\/\/gruposantin.com.br\/espanol\/wp-json\/wp\/v2\/media?parent=46"}],"curies":[{"name":"wp","href":"https:\/\/api.w.org\/{rel}","templated":true}]}}