{"id":90,"date":"2019-12-03T14:24:25","date_gmt":"2019-12-03T14:24:25","guid":{"rendered":"https:\/\/tprince.net\/santin\/?page_id=90"},"modified":"2026-04-22T14:38:28","modified_gmt":"2026-04-22T14:38:28","slug":"piramide-montagens-industriais","status":"publish","type":"page","link":"https:\/\/gruposantin.com.br\/espanol\/piramide-montagens-industriais\/","title":{"rendered":"Piramide Montajes Industriales"},"content":{"rendered":"<p>[et_pb_section fb_built=\u00bb1&#8243; _builder_version=\u00bb4.16&#8243; background_image=\u00bbhttp:\/\/gruposantin.com.br\/espanol\/wp-content\/uploads\/2019\/12\/bgSEMCO1-1024&#215;576.jpg\u00bb global_colors_info=\u00bb{}\u00bb][et_pb_row _builder_version=\u00bb4.16&#8243; background_size=\u00bbinitial\u00bb background_position=\u00bbtop_left\u00bb background_repeat=\u00bbrepeat\u00bb global_colors_info=\u00bb{}\u00bb][et_pb_column type=\u00bb4_4&#8243; _builder_version=\u00bb4.16&#8243; custom_padding=\u00bb|||\u00bb global_colors_info=\u00bb{}\u00bb custom_padding__hover=\u00bb|||\u00bb][et_pb_text _builder_version=\u00bb4.16&#8243; background_layout=\u00bbdark\u00bb global_colors_info=\u00bb{}\u00bb]<\/p>\n<h1>Piramide Montajes Industriales<\/h1>\n<p>[\/et_pb_text][\/et_pb_column][\/et_pb_row][\/et_pb_section][et_pb_section fb_built=\u00bb1&#8243; _builder_version=\u00bb4.16&#8243; global_colors_info=\u00bb{}\u00bb][et_pb_row column_structure=\u00bb2_3,1_3&#8243; _builder_version=\u00bb4.16&#8243; background_size=\u00bbinitial\u00bb background_position=\u00bbtop_left\u00bb background_repeat=\u00bbrepeat\u00bb global_colors_info=\u00bb{}\u00bb][et_pb_column type=\u00bb2_3&#8243; _builder_version=\u00bb4.16&#8243; custom_padding=\u00bb|||\u00bb global_colors_info=\u00bb{}\u00bb custom_padding__hover=\u00bb|||\u00bb][et_pb_text _builder_version=\u00bb4.16&#8243; global_colors_info=\u00bb{}\u00bb]<img loading=\"lazy\" decoding=\"async\" class=\"alignnone size-full wp-image-225\" src=\"http:\/\/gruposantin.com.br\/espanol\/wp-content\/uploads\/2019\/12\/logo2-1.png\" alt=\"\" width=\"600\" height=\"70\" srcset=\"https:\/\/gruposantin.com.br\/espanol\/wp-content\/uploads\/2019\/12\/logo2-1.png 600w, https:\/\/gruposantin.com.br\/espanol\/wp-content\/uploads\/2019\/12\/logo2-1-300x35.png 300w\" sizes=\"(max-width: 600px) 100vw, 600px\" \/><\/p>\n<p><strong>PIRAMIDE<\/strong> es una empresa de <strong>GRUPO SANTIN<\/strong> cuyo objetivo principal es la actividad de montajes mec\u00e1nicos industriales. Tiene un conocimiento excepcional en el montaje de equipos y tuber\u00edas para los diversos segmentos de la industria, especialmente en las \u00e1reas de az\u00facar y alcohol, energ\u00eda, pulpa y papel, miner\u00eda, acero y alimentos.<\/p>\n<p>&nbsp;<\/p>\n<h3><strong>Soluciones<\/strong>:<\/h3>\n<ul>\n<li>Construcci\u00f3n de infraestructura y edificios;<\/li>\n<li>Montajes el\u00e9ctricos industriales;<\/li>\n<li>Obras multidisciplinarias (construcci\u00f3n civil y montajes electromec\u00e1nicos);<\/li>\n<li>EPC (Ingenier\u00eda, Adquisiciones y Construcci\u00f3n)<\/li>\n<\/ul>\n<p>[\/et_pb_text][et_pb_toggle title=\u00bbPolitica de Calidad\u00bb _builder_version=\u00bb4.16&#8243; global_colors_info=\u00bb{}\u00bb]<img loading=\"lazy\" decoding=\"async\" class=\"alignnone wp-image-92\" src=\"http:\/\/gruposantin.com.br\/espanol\/wp-content\/uploads\/2019\/12\/Captura-de-tela-de-2018-08-09-10-29-48.png\" alt=\"\" width=\"521\" height=\"740\" srcset=\"https:\/\/gruposantin.com.br\/espanol\/wp-content\/uploads\/2019\/12\/Captura-de-tela-de-2018-08-09-10-29-48.png 653w, https:\/\/gruposantin.com.br\/espanol\/wp-content\/uploads\/2019\/12\/Captura-de-tela-de-2018-08-09-10-29-48-211x300.png 211w\" sizes=\"(max-width: 521px) 100vw, 521px\" \/><br \/>\n[\/et_pb_toggle][et_pb_toggle title=\u00bbCertificaci\u00f3n ISO 9001 \/ Otros\u00bb _builder_version=\u00bb4.16&#8243; hover_enabled=\u00bb0&#8243; global_colors_info=\u00bb{}\u00bb sticky_enabled=\u00bb0&#8243;]\n\t\t<style type=\"text\/css\">\n\t\t\t#gallery-1 {\n\t\t\t\tmargin: auto;\n\t\t\t}\n\t\t\t#gallery-1 .gallery-item {\n\t\t\t\tfloat: left;\n\t\t\t\tmargin-top: 10px;\n\t\t\t\ttext-align: center;\n\t\t\t\twidth: 25%;\n\t\t\t}\n\t\t\t#gallery-1 img {\n\t\t\t\tborder: 2px solid #cfcfcf;\n\t\t\t}\n\t\t\t#gallery-1 .gallery-caption {\n\t\t\t\tmargin-left: 0;\n\t\t\t}\n\t\t\t\/* see gallery_shortcode() in wp-includes\/media.php *\/\n\t\t<\/style>\n\t\t<div id='gallery-1' class='gallery galleryid-90 gallery-columns-4 gallery-size-thumbnail'><dl class='gallery-item'>\n\t\t\t<dt class='gallery-icon landscape'>\n\t\t\t\t<a href='https:\/\/gruposantin.com.br\/espanol\/wp-content\/uploads\/2019\/12\/210.jpg'><img loading=\"lazy\" decoding=\"async\" width=\"150\" height=\"150\" src=\"https:\/\/gruposantin.com.br\/espanol\/wp-content\/uploads\/2019\/12\/210-150x150.jpg\" class=\"attachment-thumbnail size-thumbnail\" alt=\"\" \/><\/a>\n\t\t\t<\/dt><\/dl><dl class='gallery-item'>\n\t\t\t<dt class='gallery-icon portrait'>\n\t\t\t\t<a href='https:\/\/gruposantin.com.br\/espanol\/wp-content\/uploads\/2019\/12\/iso-1.png'><img loading=\"lazy\" decoding=\"async\" width=\"150\" height=\"150\" src=\"https:\/\/gruposantin.com.br\/espanol\/wp-content\/uploads\/2019\/12\/iso-1-150x150.png\" class=\"attachment-thumbnail size-thumbnail\" alt=\"\" \/><\/a>\n\t\t\t<\/dt><\/dl><dl class='gallery-item'>\n\t\t\t<dt class='gallery-icon portrait'>\n\t\t\t\t<a href='https:\/\/gruposantin.com.br\/espanol\/wp-content\/uploads\/2019\/12\/Captura-de-tela-de-2018-08-28-09-17-26.png'><img loading=\"lazy\" decoding=\"async\" width=\"150\" height=\"150\" src=\"https:\/\/gruposantin.com.br\/espanol\/wp-content\/uploads\/2019\/12\/Captura-de-tela-de-2018-08-28-09-17-26-150x150.png\" class=\"attachment-thumbnail size-thumbnail\" alt=\"\" \/><\/a>\n\t\t\t<\/dt><\/dl><dl class='gallery-item'>\n\t\t\t<dt class='gallery-icon portrait'>\n\t\t\t\t<a href='https:\/\/gruposantin.com.br\/espanol\/wp-content\/uploads\/2019\/12\/iso3.png'><img loading=\"lazy\" decoding=\"async\" width=\"150\" height=\"150\" src=\"https:\/\/gruposantin.com.br\/espanol\/wp-content\/uploads\/2019\/12\/iso3-150x150.png\" class=\"attachment-thumbnail size-thumbnail\" alt=\"\" \/><\/a>\n\t\t\t<\/dt><\/dl><br style=\"clear: both\" \/>\n\t\t<\/div>\n<br \/>\n[\/et_pb_toggle][et_pb_toggle title=\u00bbCertificaci\u00f3n ISO 45001&#8243; _builder_version=\u00bb4.27.6&#8243; hover_enabled=\u00bb0&#8243; global_colors_info=\u00bb{}\u00bb sticky_enabled=\u00bb0&#8243;]<\/p>\n<p><img loading=\"lazy\" decoding=\"async\" class=\"aligncenter wp-image-3711 size-medium\" src=\"https:\/\/gruposantin.com.br\/wp-content\/uploads\/2026\/04\/CERTIFICADO-ISO-45001-1-2.jpg\" alt=\"\" width=\"624\" height=\"14999\" \/><\/p>\n<p>[\/et_pb_toggle][et_pb_toggle title=\u00bbPol\u00edticas de Seguridad y Salud Ocupacional\u00bb _builder_version=\u00bb4.16&#8243; global_colors_info=\u00bb{}\u00bb]<strong>Pyramid Assistance Technical Ltda<\/strong>, que opera en el campo de los ensamblajes mec\u00e1nicos industriales, tiene el principio de proporcionar un ambiente de trabajo seguro y saludable, para prevenir accidentes y da\u00f1os a la salud como resultado de las actividades desarrolladas, y se compromete a:<\/p>\n<p>Promover la seguridad y salud en el trabajo con responsabilidad, recursos y compromiso de gesti\u00f3n;<\/p>\n<p>Gestionar riesgos de salud y seguridad en todas las actividades involucradas en nuestros procesos y servicios;<\/p>\n<p>Promover la conciencia de todos los empleados sobre esta pol\u00edtica, cumpliendo los requisitos de Seguridad y Salud Ocupacional, as\u00ed como la prevenci\u00f3n de accidentes, incidentes, emergencias u otras situaciones que pongan en peligro la integridad de las personas o el lugar donde operamos;<\/p>\n<p>Asegurar el cumplimiento de los requisitos de Seguridad y Salud Ocupacional de nuestros proveedores y proveedores de servicios a trav\u00e9s de la evaluaci\u00f3n continua y el monitoreo de sus actividades y procesos.<br \/>\n[\/et_pb_toggle][\/et_pb_column][et_pb_column type=\u00bb1_3&#8243; _builder_version=\u00bb4.16&#8243; custom_padding=\u00bb|||\u00bb global_colors_info=\u00bb{}\u00bb custom_padding__hover=\u00bb|||\u00bb][et_pb_image src=\u00bbhttp:\/\/gruposantin.com.br\/espanol\/wp-content\/uploads\/2019\/12\/ISO_90011-400&#215;177.gif\u00bb align=\u00bbcenter\u00bb align_tablet=\u00bbcenter\u00bb align_phone=\u00bbcenter\u00bb align_last_edited=\u00bbon|desktop\u00bb _builder_version=\u00bb4.16&#8243; animation_style=\u00bbslide\u00bb animation_direction=\u00bbright\u00bb global_colors_info=\u00bb{}\u00bb][\/et_pb_image][et_pb_contact_form email=\u00bbforms.piramide@gruposantin.com.br\u00bb custom_message=\u00bbNome: %%Name%%||et_pb_line_break_holder||||et_pb_line_break_holder||Email: %%Email%%||et_pb_line_break_holder||||et_pb_line_break_holder||%%Message%%\u00bb _builder_version=\u00bb4.27.6&#8243; _unique_id=\u00bbfca924b6-1c03-4a08-bdaf-15f81dc0222d\u00bb global_colors_info=\u00bb{}\u00bb][et_pb_contact_field field_id=\u00bbName\u00bb field_title=\u00bbNombre\u00bb _builder_version=\u00bb4.16&#8243; global_colors_info=\u00bb{}\u00bb button_text_size__hover_enabled=\u00bboff\u00bb button_one_text_size__hover_enabled=\u00bboff\u00bb button_two_text_size__hover_enabled=\u00bboff\u00bb button_text_color__hover_enabled=\u00bboff\u00bb button_one_text_color__hover_enabled=\u00bboff\u00bb button_two_text_color__hover_enabled=\u00bboff\u00bb button_border_width__hover_enabled=\u00bboff\u00bb button_one_border_width__hover_enabled=\u00bboff\u00bb button_two_border_width__hover_enabled=\u00bboff\u00bb button_border_color__hover_enabled=\u00bboff\u00bb button_one_border_color__hover_enabled=\u00bboff\u00bb button_two_border_color__hover_enabled=\u00bboff\u00bb button_border_radius__hover_enabled=\u00bboff\u00bb button_one_border_radius__hover_enabled=\u00bboff\u00bb button_two_border_radius__hover_enabled=\u00bboff\u00bb button_letter_spacing__hover_enabled=\u00bboff\u00bb button_one_letter_spacing__hover_enabled=\u00bboff\u00bb button_two_letter_spacing__hover_enabled=\u00bboff\u00bb button_bg_color__hover_enabled=\u00bboff\u00bb button_one_bg_color__hover_enabled=\u00bboff\u00bb button_two_bg_color__hover_enabled=\u00bboff\u00bb][\/et_pb_contact_field][et_pb_contact_field field_id=\u00bbEmail\u00bb field_title=\u00bbE-mail\u00bb field_type=\u00bbemail\u00bb _builder_version=\u00bb4.16&#8243; global_colors_info=\u00bb{}\u00bb button_text_size__hover_enabled=\u00bboff\u00bb button_one_text_size__hover_enabled=\u00bboff\u00bb button_two_text_size__hover_enabled=\u00bboff\u00bb button_text_color__hover_enabled=\u00bboff\u00bb button_one_text_color__hover_enabled=\u00bboff\u00bb button_two_text_color__hover_enabled=\u00bboff\u00bb button_border_width__hover_enabled=\u00bboff\u00bb button_one_border_width__hover_enabled=\u00bboff\u00bb button_two_border_width__hover_enabled=\u00bboff\u00bb button_border_color__hover_enabled=\u00bboff\u00bb button_one_border_color__hover_enabled=\u00bboff\u00bb button_two_border_color__hover_enabled=\u00bboff\u00bb button_border_radius__hover_enabled=\u00bboff\u00bb button_one_border_radius__hover_enabled=\u00bboff\u00bb button_two_border_radius__hover_enabled=\u00bboff\u00bb button_letter_spacing__hover_enabled=\u00bboff\u00bb button_one_letter_spacing__hover_enabled=\u00bboff\u00bb button_two_letter_spacing__hover_enabled=\u00bboff\u00bb button_bg_color__hover_enabled=\u00bboff\u00bb button_one_bg_color__hover_enabled=\u00bboff\u00bb button_two_bg_color__hover_enabled=\u00bboff\u00bb][\/et_pb_contact_field][et_pb_contact_field field_id=\u00bbMessage\u00bb field_title=\u00bbMensaje\u00bb field_type=\u00bbtext\u00bb fullwidth_field=\u00bbon\u00bb _builder_version=\u00bb4.16&#8243; global_colors_info=\u00bb{}\u00bb button_text_size__hover_enabled=\u00bboff\u00bb button_one_text_size__hover_enabled=\u00bboff\u00bb button_two_text_size__hover_enabled=\u00bboff\u00bb button_text_color__hover_enabled=\u00bboff\u00bb button_one_text_color__hover_enabled=\u00bboff\u00bb button_two_text_color__hover_enabled=\u00bboff\u00bb button_border_width__hover_enabled=\u00bboff\u00bb button_one_border_width__hover_enabled=\u00bboff\u00bb button_two_border_width__hover_enabled=\u00bboff\u00bb button_border_color__hover_enabled=\u00bboff\u00bb button_one_border_color__hover_enabled=\u00bboff\u00bb button_two_border_color__hover_enabled=\u00bboff\u00bb button_border_radius__hover_enabled=\u00bboff\u00bb button_one_border_radius__hover_enabled=\u00bboff\u00bb button_two_border_radius__hover_enabled=\u00bboff\u00bb button_letter_spacing__hover_enabled=\u00bboff\u00bb button_one_letter_spacing__hover_enabled=\u00bboff\u00bb button_two_letter_spacing__hover_enabled=\u00bboff\u00bb button_bg_color__hover_enabled=\u00bboff\u00bb button_one_bg_color__hover_enabled=\u00bboff\u00bb button_two_bg_color__hover_enabled=\u00bboff\u00bb][\/et_pb_contact_field][\/et_pb_contact_form][\/et_pb_column][\/et_pb_row][\/et_pb_section]<\/p>\n","protected":false},"excerpt":{"rendered":"<p>Piramide Montajes Industriales PIRAMIDE es una empresa de GRUPO SANTIN cuyo objetivo principal es la actividad de montajes mec\u00e1nicos industriales. Tiene un conocimiento excepcional en el montaje de equipos y tuber\u00edas para los diversos segmentos de la industria, especialmente en las \u00e1reas de az\u00facar y alcohol, energ\u00eda, pulpa y papel, miner\u00eda, acero y alimentos. &nbsp; [&hellip;]<\/p>\n","protected":false},"author":1,"featured_media":0,"parent":0,"menu_order":0,"comment_status":"closed","ping_status":"closed","template":"","meta":{"_et_pb_use_builder":"on","_et_pb_old_content":"","_et_gb_content_width":"","footnotes":""},"class_list":["post-90","page","type-page","status-publish","hentry"],"_links":{"self":[{"href":"https:\/\/gruposantin.com.br\/espanol\/wp-json\/wp\/v2\/pages\/90","targetHints":{"allow":["GET"]}}],"collection":[{"href":"https:\/\/gruposantin.com.br\/espanol\/wp-json\/wp\/v2\/pages"}],"about":[{"href":"https:\/\/gruposantin.com.br\/espanol\/wp-json\/wp\/v2\/types\/page"}],"author":[{"embeddable":true,"href":"https:\/\/gruposantin.com.br\/espanol\/wp-json\/wp\/v2\/users\/1"}],"replies":[{"embeddable":true,"href":"https:\/\/gruposantin.com.br\/espanol\/wp-json\/wp\/v2\/comments?post=90"}],"version-history":[{"count":10,"href":"https:\/\/gruposantin.com.br\/espanol\/wp-json\/wp\/v2\/pages\/90\/revisions"}],"predecessor-version":[{"id":292,"href":"https:\/\/gruposantin.com.br\/espanol\/wp-json\/wp\/v2\/pages\/90\/revisions\/292"}],"wp:attachment":[{"href":"https:\/\/gruposantin.com.br\/espanol\/wp-json\/wp\/v2\/media?parent=90"}],"curies":[{"name":"wp","href":"https:\/\/api.w.org\/{rel}","templated":true}]}}